{"id":6,"date":"2024-05-27T12:29:17","date_gmt":"2024-05-27T12:29:17","guid":{"rendered":"https:\/\/table-d-hotes.com\/?page_id=6"},"modified":"2024-05-27T12:32:56","modified_gmt":"2024-05-27T12:32:56","slug":"coming-soon","status":"publish","type":"page","link":"https:\/\/table-d-hotes.com\/","title":{"rendered":"Plateforme de tables d&rsquo;h\u00f4tes | vivez de d\u00e9licieux r\u00eaves d&rsquo;escapade"},"content":{"rendered":"<div id=\"sp-page\" class=\"spBgcover sp-content-1\" style=\"background-color: rgb(255, 255, 255); font-family: Poppins, sans-serif; font-weight: 400;\">\n<section id=\"sp-ri2v48\" data-mobile-visibility=\"#sp-ri2v48|false\" data-tablet-visibility=\"#sp-ri2v48|false\" data-desktop-visibility=\"#sp-ri2v48|false\" data-mobile-css=\"\" data-tablet-css=\"\" class=\"sp-el-section  spBgfull\" style=\"background-color: rgb(217, 142, 139); width: 100%; max-width: 100%; padding: 10px; background-image: linear-gradient(0deg, rgba(0, 0, 0, 0), rgba(0, 0, 0, 0)), url('https:\/\/assets.seedprod.com\/group-copy-4.jpg');\">\n<div id=\"sp-f48337\" data-mobile-visibility=\"#sp-f48337|false\" data-tablet-visibility=\"#sp-f48337|false\" data-desktop-visibility=\"#sp-f48337|false\" data-mobile-css=\"\" data-tablet-css=\"\" class=\"sp-el-row sm:sp-flex sp-w-full  sp-m-auto sp-justify-between\" style=\"padding: 0px; width: auto; max-width: 1000px;\">\n<div id=\"sp-ocbipu\" data-mobile-visibility=\"#sp-ocbipu|false\" data-tablet-visibility=\"#sp-ocbipu|false\" data-desktop-visibility=\"#sp-ocbipu|false\" data-mobile-css=\"\" data-tablet-css=\"\" class=\"sp-el-col  sp-w-full\" style=\"width: calc(100% + 0px);\">\n<style type=\"text\/css\">\n      #sp-ocbipu .sp-col-top .seedprod-shape-fill {fill: undefined;} #sp-ocbipu .sp-col-top svg {width: undefined%;height: undefinedpx;transform: translateX(-50%);} #sp-ocbipu .sp-col-bottom .seedprod-shape-fill {fill: undefined;} #sp-ocbipu .sp-col-bottom svg {width: undefined%;height: undefinedpx;transform: translateX(-50%);}\n    <\/style>\n<div class=\"sp-col-shape sp-col-top\" style=\"z-index: 0;\">\n<div><\/div>\n<\/div>\n<div class=\"sp-col-shape sp-col-bottom\" style=\"z-index: 0;\">\n<div><\/div>\n<\/div>\n<p><span href=\"\" target=\"\" rel=\"\" class=\"sp-header-block-link\" style=\"text-decoration: none;\"><\/p>\n<h1 id=\"sp-vg2cvc\" data-mobile-css=\".sp-headline-block-vg2cvc, #sp-vg2cvc, #vg2cvc|text-align:center;\" data-tablet-css=\".sp-headline-block-vg2cvc, #sp-vg2cvc, #vg2cvc|text-align:center;\" data-mobile-visibility=\".sp-headline-block-vg2cvc|false\" data-tablet-visibility=\".sp-headline-block-vg2cvc|false\" data-desktop-visibility=\".sp-headline-block-vg2cvc|false\" class=\"sp-css-target sp-el-block sp-headline-block-vg2cvc sp-type-header\" style=\"font-size: 92px; text-align: left; margin: 323px 0px 0px;\">Plateforme de&nbsp;Tables d&rsquo;h\u00f4tes<\/h1>\n<p><\/span><\/div>\n<\/div>\n<\/section>\n<section id=\"sp-nvqo7g\" data-mobile-visibility=\"#sp-nvqo7g|false\" data-tablet-visibility=\"#sp-nvqo7g|false\" data-desktop-visibility=\"#sp-nvqo7g|false\" data-mobile-css=\"\" data-tablet-css=\"\" class=\"sp-el-section \" style=\"width: 100%; max-width: 100%; padding: 10px; margin-top: 80px;\">\n<div id=\"sp-ek42xo\" data-mobile-visibility=\"#sp-ek42xo|false\" data-tablet-visibility=\"#sp-ek42xo|false\" data-desktop-visibility=\"#sp-ek42xo|false\" data-mobile-css=\"\" data-tablet-css=\"\" class=\"sp-el-row sm:sp-flex sp-w-full  sp-m-auto sp-justify-between\" style=\"padding: 0px; width: auto; max-width: 1000px;\">\n<div id=\"sp-mylas8\" data-mobile-visibility=\"#sp-mylas8|false\" data-tablet-visibility=\"#sp-mylas8|false\" data-desktop-visibility=\"#sp-mylas8|false\" data-mobile-css=\"\" data-tablet-css=\"\" class=\"sp-el-col  sp-w-full\" style=\"width: calc(50% + 0px);\">\n<style type=\"text\/css\">\n      #sp-mylas8 .sp-col-top .seedprod-shape-fill {fill: undefined;} #sp-mylas8 .sp-col-top svg {width: undefined%;height: undefinedpx;transform: translateX(-50%);} #sp-mylas8 .sp-col-bottom .seedprod-shape-fill {fill: undefined;} #sp-mylas8 .sp-col-bottom svg {width: undefined%;height: undefinedpx;transform: translateX(-50%);}\n    <\/style>\n<div class=\"sp-col-shape sp-col-top\" style=\"z-index: 0;\">\n<div><\/div>\n<\/div>\n<div class=\"sp-col-shape sp-col-bottom\" style=\"z-index: 0;\">\n<div><\/div>\n<\/div>\n<figure id=\"sp-g5yeva\" data-mobile-css=\"#sp-g5yeva|text-align:center;\" data-tablet-css=\"#sp-g5yeva|text-align:center;\" class=\"sp-image-wrapper sp-el-block\" style=\"margin: 0px; text-align: center;\">\n<div><span><img decoding=\"async\" src=\"https:\/\/assets.seedprod.com\/combined-shape-2.png\" alt=\"\" width=\"\" height=\"\" data-mobile-visibility=\".sp-image-block-g5yeva|false\" data-tablet-visibility=\".sp-image-block-g5yeva|false\" data-desktop-visibility=\".sp-image-block-g5yeva|false\" class=\"sp-image-block-g5yeva\" style=\"width: 59%;\"><\/span><\/div>\n<\/figure>\n<\/div>\n<div id=\"sp-gyksfz\" data-mobile-visibility=\"#sp-gyksfz|false\" data-tablet-visibility=\"#sp-gyksfz|false\" data-desktop-visibility=\"#sp-gyksfz|false\" data-mobile-css=\"\" data-tablet-css=\"\" class=\"sp-el-col  sp-w-full\" style=\"background-color: rgb(217, 142, 139); width: calc(50% + 0px); margin-top: 45px;\">\n<style type=\"text\/css\">\n      #sp-gyksfz .sp-col-top .seedprod-shape-fill {fill: undefined;} #sp-gyksfz .sp-col-top svg {width: undefined%;height: undefinedpx;transform: translateX(-50%);} #sp-gyksfz .sp-col-bottom .seedprod-shape-fill {fill: undefined;} #sp-gyksfz .sp-col-bottom svg {width: undefined%;height: undefinedpx;transform: translateX(-50%);}\n    <\/style>\n<div class=\"sp-col-shape sp-col-top\" style=\"z-index: 0;\">\n<div><\/div>\n<\/div>\n<div class=\"sp-col-shape sp-col-bottom\" style=\"z-index: 0;\">\n<div><\/div>\n<\/div>\n<p><span href=\"\" target=\"\" rel=\"\" class=\"sp-header-block-link\" style=\"text-decoration: none;\"><\/p>\n<h2 id=\"sp-l4bust\" data-mobile-css=\".sp-headline-block-l4bust, #sp-l4bust, #l4bust|text-align:center;\" data-tablet-css=\".sp-headline-block-l4bust, #sp-l4bust, #l4bust|text-align:center;\" data-mobile-visibility=\".sp-headline-block-l4bust|false\" data-tablet-visibility=\".sp-headline-block-l4bust|false\" data-desktop-visibility=\".sp-headline-block-l4bust|false\" class=\"sp-css-target sp-el-block sp-headline-block-l4bust sp-type-header\" style=\"font-size: 46px; text-align: left; margin: 19px 0px 0px;\">Vivez de d\u00e9licieux r\u00eaves d&rsquo;escapade culinaire<\/h2>\n<p><\/span><\/p>\n<div id=\"sp-urdgpa\" data-mobile-css=\".sp-text-wrapper-urdgpa, #sp-urdgpa, #urdgpa|text-align:left;\" data-tablet-css=\".sp-text-wrapper-urdgpa, #sp-urdgpa, #urdgpa|text-align:left;\" data-mobile-visibility=\".sp-text-wrapper-urdgpa|false\" data-tablet-visibility=\".sp-text-wrapper-urdgpa|false\" data-desktop-visibility=\".sp-text-wrapper-urdgpa|false\" class=\"sp-css-target sp-text-wrapper sp-el-block sp-text-wrapper-urdgpa\" style=\"margin: 5px 0px 0px; text-align: left;\">\n<p>Vous aimeriez d\u00e9guster des plats r\u00e9gionaux ?<\/p>\n<\/div>\n<div id=\"sp-v22edi\" data-mobile-css=\"#sp-v22edi|height:40px;\" data-tablet-css=\"#sp-v22edi|height:10px;\" class=\"sp-spacer\" style=\"height: 27px;\"><\/div>\n<\/div>\n<\/div>\n<\/section>\n<section id=\"sp-adhgvt\" data-mobile-visibility=\"#sp-adhgvt|false\" data-tablet-visibility=\"#sp-adhgvt|false\" data-desktop-visibility=\"#sp-adhgvt|false\" data-mobile-css=\"\" data-tablet-css=\"\" class=\"sp-el-section \" style=\"background-color: rgb(0, 0, 0); width: 100%; max-width: 100%; padding: 10px; margin-top: 100px;\">\n<div id=\"sp-he7l32\" data-mobile-visibility=\"#sp-he7l32|false\" data-tablet-visibility=\"#sp-he7l32|false\" data-desktop-visibility=\"#sp-he7l32|false\" data-mobile-css=\"\" data-tablet-css=\"\" class=\"sp-el-row sm:sp-flex sp-w-full  sp-m-auto sp-justify-between\" style=\"padding: 0px; margin-top: 36px; width: auto; max-width: 1000px;\">\n<div id=\"sp-xs9mic\" data-mobile-visibility=\"#sp-xs9mic|false\" data-tablet-visibility=\"#sp-xs9mic|false\" data-desktop-visibility=\"#sp-xs9mic|false\" data-mobile-css=\"\" data-tablet-css=\"\" class=\"sp-el-col  sp-w-full\" style=\"width: calc(100% + 0px);\">\n<style type=\"text\/css\">\n      #sp-xs9mic .sp-col-top .seedprod-shape-fill {fill: undefined;} #sp-xs9mic .sp-col-top svg {width: undefined%;height: undefinedpx;transform: translateX(-50%);} #sp-xs9mic .sp-col-bottom .seedprod-shape-fill {fill: undefined;} #sp-xs9mic .sp-col-bottom svg {width: undefined%;height: undefinedpx;transform: translateX(-50%);}\n    <\/style>\n<div class=\"sp-col-shape sp-col-top\" style=\"z-index: 0;\">\n<div><\/div>\n<\/div>\n<div class=\"sp-col-shape sp-col-bottom\" style=\"z-index: 0;\">\n<div><\/div>\n<\/div>\n<p><span href=\"\" target=\"\" rel=\"\" class=\"sp-header-block-link\" style=\"text-decoration: none;\"><\/p>\n<h2 id=\"sp-yhjc0n\" data-mobile-css=\".sp-headline-block-yhjc0n, #sp-yhjc0n, #yhjc0n|text-align:center;\" data-tablet-css=\".sp-headline-block-yhjc0n, #sp-yhjc0n, #yhjc0n|text-align:center;\" data-mobile-visibility=\".sp-headline-block-yhjc0n|false\" data-tablet-visibility=\".sp-headline-block-yhjc0n|false\" data-desktop-visibility=\".sp-headline-block-yhjc0n|false\" class=\"sp-css-target sp-el-block sp-headline-block-yhjc0n sp-type-header\" style=\"font-size: 46px; text-align: left; margin: 19px 0px 0px;\">The Program Covers<\/h2>\n<p><\/span><\/div>\n<\/div>\n<div id=\"sp-zoax0d\" data-mobile-visibility=\"#sp-zoax0d|false\" data-tablet-visibility=\"#sp-zoax0d|false\" data-desktop-visibility=\"#sp-zoax0d|false\" data-mobile-css=\"\" data-tablet-css=\"\" class=\"sp-el-row sm:sp-flex sp-w-full  sp-m-auto sp-justify-between\" style=\"padding: 0px; margin-top: 40px; width: auto; max-width: 1000px;\">\n<div id=\"sp-t6nwzc\" data-mobile-visibility=\"#sp-t6nwzc|false\" data-tablet-visibility=\"#sp-t6nwzc|false\" data-desktop-visibility=\"#sp-t6nwzc|false\" data-mobile-css=\"\" data-tablet-css=\"\" class=\"sp-el-col  sp-w-full\" style=\"width: calc(50% + 0px);\">\n<style type=\"text\/css\">\n      #sp-t6nwzc .sp-col-top .seedprod-shape-fill {fill: undefined;} #sp-t6nwzc .sp-col-top svg {width: undefined%;height: undefinedpx;transform: translateX(-50%);} #sp-t6nwzc .sp-col-bottom .seedprod-shape-fill {fill: undefined;} #sp-t6nwzc .sp-col-bottom svg {width: undefined%;height: undefinedpx;transform: translateX(-50%);}\n    <\/style>\n<div class=\"sp-col-shape sp-col-top\" style=\"z-index: 0;\">\n<div><\/div>\n<\/div>\n<div class=\"sp-col-shape sp-col-bottom\" style=\"z-index: 0;\">\n<div><\/div>\n<\/div>\n<div id=\"sp-b6vhom\" data-mobile-css=\"#sp-b6vhom|height:40px;\" data-tablet-css=\"#sp-b6vhom|height:10px;\" class=\"sp-spacer\" style=\"height: 60px;\"><\/div>\n<p><span href=\"\" target=\"\" rel=\"\" class=\"sp-header-block-link\" style=\"text-decoration: none;\"><\/p>\n<h3 id=\"sp-yjl0y7\" data-mobile-css=\".sp-headline-block-yjl0y7, #sp-yjl0y7, #yjl0y7|text-align:center;\" data-tablet-css=\".sp-headline-block-yjl0y7, #sp-yjl0y7, #yjl0y7|text-align:center;\" data-mobile-visibility=\".sp-headline-block-yjl0y7|false\" data-tablet-visibility=\".sp-headline-block-yjl0y7|false\" data-desktop-visibility=\".sp-headline-block-yjl0y7|false\" class=\"sp-css-target sp-el-block sp-headline-block-yjl0y7 sp-type-header\" style=\"font-size: 36px; text-align: left; margin: 19px 0px 0px;\">Strength Training<\/h3>\n<p><\/span><\/p>\n<div id=\"sp-uluf31\" data-mobile-css=\".sp-text-wrapper-uluf31, #sp-uluf31, #uluf31|text-align:left;\" data-tablet-css=\".sp-text-wrapper-uluf31, #sp-uluf31, #uluf31|text-align:left;\" data-mobile-visibility=\".sp-text-wrapper-uluf31|false\" data-tablet-visibility=\".sp-text-wrapper-uluf31|false\" data-desktop-visibility=\".sp-text-wrapper-uluf31|false\" class=\"sp-css-target sp-text-wrapper sp-el-block sp-text-wrapper-uluf31\" style=\"margin: 0px; text-align: left;\">\n<p>Lorem ipsum dolor sit amet, consectetur adipiscing elit. Nullam commodo velit ex, non ultrices leo auctor at. Integer blandit ex velit, vel aliquam sem tempor eu.&nbsp;<\/p>\n<\/div>\n<div id=\"sp-button-parent-y2bxj3\" data-mobile-css=\"#sp-button-parent-y2bxj3|text-align:center;\" data-tablet-css=\"#sp-button-parent-y2bxj3|text-align:center;\" class=\"sp-button-wrapper sp-el-block\" style=\"margin: 18px 0px 0px;\"><a href=\"\" id=\"sp-y2bxj3\" data-mobile-css=\"\" data-tablet-css=\"\" data-mobile-visibility=\".sp-button-y2bxj3|false\" data-tablet-visibility=\".sp-button-y2bxj3|false\" data-desktop-visibility=\".sp-button-y2bxj3|false\" target=\"\" rel=\"noopener\" class=\"sp-button sp-css-target sp-text-center sp-inline-block sp-leading-none sp-button-y2bxj3\" style=\"text-transform: uppercase; font-size: 22px; background: transparent; color: rgb(255, 255, 255); width: 100%; padding: 16px 20px;\"><span>Join Now<\/span><span><span id=\"sp-button-sub-text-y2bxj3\" data-mobile-css=\"\" data-tablet-css=\"\" class=\"sp-button-sub-txt sp-block sp-mt-1 sp-opacity-75\" style=\"font-size: 16px; line-height: 1;\">Results Guaranteed<\/span><\/span><\/a><\/div>\n<\/div>\n<div id=\"sp-nsm156\" data-mobile-visibility=\"#sp-nsm156|false\" data-tablet-visibility=\"#sp-nsm156|false\" data-desktop-visibility=\"#sp-nsm156|false\" data-mobile-css=\"\" data-tablet-css=\"\" class=\"sp-el-col  sp-w-full\" style=\"width: calc(50% + 0px);\">\n<style type=\"text\/css\">\n      #sp-nsm156 .sp-col-top .seedprod-shape-fill {fill: undefined;} #sp-nsm156 .sp-col-top svg {width: undefined%;height: undefinedpx;transform: translateX(-50%);} #sp-nsm156 .sp-col-bottom .seedprod-shape-fill {fill: undefined;} #sp-nsm156 .sp-col-bottom svg {width: undefined%;height: undefinedpx;transform: translateX(-50%);}\n    <\/style>\n<div class=\"sp-col-shape sp-col-top\" style=\"z-index: 0;\">\n<div><\/div>\n<\/div>\n<div class=\"sp-col-shape sp-col-bottom\" style=\"z-index: 0;\">\n<div><\/div>\n<\/div>\n<figure id=\"sp-zuarx3\" data-mobile-css=\"#sp-zuarx3|text-align:center;\" data-tablet-css=\"#sp-zuarx3|text-align:center;\" class=\"sp-image-wrapper sp-el-block\" style=\"margin: 0px; text-align: center;\">\n<div><span><img decoding=\"async\" src=\"https:\/\/assets.seedprod.com\/rectangle-3.jpg\" alt=\"\" width=\"\" height=\"\" data-mobile-visibility=\".sp-image-block-zuarx3|false\" data-tablet-visibility=\".sp-image-block-zuarx3|false\" data-desktop-visibility=\".sp-image-block-zuarx3|false\" class=\"sp-image-block-zuarx3\" style=\"width: 75%;\"><\/span><\/div>\n<\/figure>\n<\/div>\n<\/div>\n<div id=\"sp-zaqmto\" data-mobile-visibility=\"#sp-zaqmto|false\" data-tablet-visibility=\"#sp-zaqmto|false\" data-desktop-visibility=\"#sp-zaqmto|false\" data-mobile-css=\"\" data-tablet-css=\"\" class=\"sp-el-row sm:sp-flex sp-w-full  sp-m-auto sp-justify-between\" style=\"padding: 0px; margin-top: 40px; width: auto; max-width: 1000px;\">\n<div id=\"sp-homcbp\" data-mobile-visibility=\"#sp-homcbp|false\" data-tablet-visibility=\"#sp-homcbp|false\" data-desktop-visibility=\"#sp-homcbp|false\" data-mobile-css=\"\" data-tablet-css=\"\" class=\"sp-el-col  sp-w-full\" style=\"width: calc(50% + 0px);\">\n<style type=\"text\/css\">\n      #sp-homcbp .sp-col-top .seedprod-shape-fill {fill: undefined;} #sp-homcbp .sp-col-top svg {width: undefined%;height: undefinedpx;transform: translateX(-50%);} #sp-homcbp .sp-col-bottom .seedprod-shape-fill {fill: undefined;} #sp-homcbp .sp-col-bottom svg {width: undefined%;height: undefinedpx;transform: translateX(-50%);}\n    <\/style>\n<div class=\"sp-col-shape sp-col-top\" style=\"z-index: 0;\">\n<div><\/div>\n<\/div>\n<div class=\"sp-col-shape sp-col-bottom\" style=\"z-index: 0;\">\n<div><\/div>\n<\/div>\n<figure id=\"sp-scrwn3\" data-mobile-css=\"#sp-scrwn3|text-align:center;\" data-tablet-css=\"#sp-scrwn3|text-align:center;\" class=\"sp-image-wrapper sp-el-block\" style=\"margin: 0px; text-align: center;\">\n<div><span><img decoding=\"async\" src=\"https:\/\/assets.seedprod.com\/rectangle-copy-3.jpg\" alt=\"\" width=\"\" height=\"\" data-mobile-visibility=\".sp-image-block-scrwn3|false\" data-tablet-visibility=\".sp-image-block-scrwn3|false\" data-desktop-visibility=\".sp-image-block-scrwn3|false\" class=\"sp-image-block-scrwn3\" style=\"width: 75%;\"><\/span><\/div>\n<\/figure>\n<\/div>\n<div id=\"sp-ouvkvr\" data-mobile-visibility=\"#sp-ouvkvr|false\" data-tablet-visibility=\"#sp-ouvkvr|false\" data-desktop-visibility=\"#sp-ouvkvr|false\" data-mobile-css=\"\" data-tablet-css=\"\" class=\"sp-el-col  sp-w-full\" style=\"width: calc(50% + 0px);\">\n<style type=\"text\/css\">\n      #sp-ouvkvr .sp-col-top .seedprod-shape-fill {fill: undefined;} #sp-ouvkvr .sp-col-top svg {width: undefined%;height: undefinedpx;transform: translateX(-50%);} #sp-ouvkvr .sp-col-bottom .seedprod-shape-fill {fill: undefined;} #sp-ouvkvr .sp-col-bottom svg {width: undefined%;height: undefinedpx;transform: translateX(-50%);}\n    <\/style>\n<div class=\"sp-col-shape sp-col-top\" style=\"z-index: 0;\">\n<div><\/div>\n<\/div>\n<div class=\"sp-col-shape sp-col-bottom\" style=\"z-index: 0;\">\n<div><\/div>\n<\/div>\n<div id=\"sp-duean5\" data-mobile-css=\"#sp-duean5|height:40px;\" data-tablet-css=\"#sp-duean5|height:10px;\" class=\"sp-spacer\" style=\"height: 60px;\"><\/div>\n<p><span href=\"\" target=\"\" rel=\"\" class=\"sp-header-block-link\" style=\"text-decoration: none;\"><\/p>\n<h3 id=\"sp-exvr8f\" data-mobile-css=\".sp-headline-block-exvr8f, #sp-exvr8f, #exvr8f|text-align:center;\" data-tablet-css=\".sp-headline-block-exvr8f, #sp-exvr8f, #exvr8f|text-align:center;\" data-mobile-visibility=\".sp-headline-block-exvr8f|false\" data-tablet-visibility=\".sp-headline-block-exvr8f|false\" data-desktop-visibility=\".sp-headline-block-exvr8f|false\" class=\"sp-css-target sp-el-block sp-headline-block-exvr8f sp-type-header\" style=\"font-size: 36px; text-align: left; margin: 19px 0px 0px;\">CARDIO Training<\/h3>\n<p><\/span><\/p>\n<div id=\"sp-t01s19\" data-mobile-css=\".sp-text-wrapper-t01s19, #sp-t01s19, #t01s19|text-align:left;\" data-tablet-css=\".sp-text-wrapper-t01s19, #sp-t01s19, #t01s19|text-align:left;\" data-mobile-visibility=\".sp-text-wrapper-t01s19|false\" data-tablet-visibility=\".sp-text-wrapper-t01s19|false\" data-desktop-visibility=\".sp-text-wrapper-t01s19|false\" class=\"sp-css-target sp-text-wrapper sp-el-block sp-text-wrapper-t01s19\" style=\"margin: 0px; text-align: left;\">\n<p>Lorem ipsum dolor sit amet, consectetur adipiscing elit. Nullam commodo velit ex, non ultrices leo auctor at. Integer blandit ex velit, vel aliquam sem tempor eu.&nbsp;<\/p>\n<\/div>\n<div id=\"sp-button-parent-qvz8av\" data-mobile-css=\"#sp-button-parent-qvz8av|text-align:center;\" data-tablet-css=\"#sp-button-parent-qvz8av|text-align:center;\" class=\"sp-button-wrapper sp-el-block\" style=\"margin: 18px 0px 0px;\"><a href=\"\" id=\"sp-qvz8av\" data-mobile-css=\"\" data-tablet-css=\"\" data-mobile-visibility=\".sp-button-qvz8av|false\" data-tablet-visibility=\".sp-button-qvz8av|false\" data-desktop-visibility=\".sp-button-qvz8av|false\" target=\"\" rel=\"noopener\" class=\"sp-button sp-css-target sp-text-center sp-inline-block sp-leading-none sp-button-qvz8av\" style=\"text-transform: uppercase; font-size: 22px; background: transparent; color: rgb(255, 255, 255); width: 100%; padding: 16px 20px;\"><span>Join Now<\/span><span><span id=\"sp-button-sub-text-qvz8av\" data-mobile-css=\"\" data-tablet-css=\"\" class=\"sp-button-sub-txt sp-block sp-mt-1 sp-opacity-75\" style=\"font-size: 16px; line-height: 1;\">Results Guaranteed<\/span><\/span><\/a><\/div>\n<\/div>\n<\/div>\n<div id=\"sp-j6ef4k\" data-mobile-visibility=\"#sp-j6ef4k|false\" data-tablet-visibility=\"#sp-j6ef4k|false\" data-desktop-visibility=\"#sp-j6ef4k|false\" data-mobile-css=\"\" data-tablet-css=\"\" class=\"sp-el-row sm:sp-flex sp-w-full  sp-m-auto sp-justify-between\" style=\"padding: 0px; width: auto; max-width: 1000px;\">\n<div id=\"sp-uyn1sv\" data-mobile-visibility=\"#sp-uyn1sv|false\" data-tablet-visibility=\"#sp-uyn1sv|false\" data-desktop-visibility=\"#sp-uyn1sv|false\" data-mobile-css=\"\" data-tablet-css=\"\" class=\"sp-el-col  sp-w-full\" style=\"width: calc(100% + 0px);\">\n<style type=\"text\/css\">\n      #sp-uyn1sv .sp-col-top .seedprod-shape-fill {fill: undefined;} #sp-uyn1sv .sp-col-top svg {width: undefined%;height: undefinedpx;transform: translateX(-50%);} #sp-uyn1sv .sp-col-bottom .seedprod-shape-fill {fill: undefined;} #sp-uyn1sv .sp-col-bottom svg {width: undefined%;height: undefinedpx;transform: translateX(-50%);}\n    <\/style>\n<div class=\"sp-col-shape sp-col-top\" style=\"z-index: 0;\">\n<div><\/div>\n<\/div>\n<div class=\"sp-col-shape sp-col-bottom\" style=\"z-index: 0;\">\n<div><\/div>\n<\/div>\n<div id=\"sp-ad1czd\" data-mobile-css=\"#sp-ad1czd|height:40px;\" data-tablet-css=\"#sp-ad1czd|height:10px;\" class=\"sp-spacer\" style=\"height: 60px;\"><\/div>\n<p><span href=\"\" target=\"\" rel=\"\" class=\"sp-header-block-link\" style=\"text-decoration: none;\"><\/p>\n<h3 id=\"sp-pd3t3p\" data-mobile-css=\".sp-headline-block-pd3t3p, #sp-pd3t3p, #pd3t3p|text-align:center;\" data-tablet-css=\".sp-headline-block-pd3t3p, #sp-pd3t3p, #pd3t3p|text-align:center;\" data-mobile-visibility=\".sp-headline-block-pd3t3p|false\" data-tablet-visibility=\".sp-headline-block-pd3t3p|false\" data-desktop-visibility=\".sp-headline-block-pd3t3p|false\" class=\"sp-css-target sp-el-block sp-headline-block-pd3t3p sp-type-header\" style=\"font-size: 69px; text-align: center; margin: 0px;\">Join Our 30 Day Fitness Challenge<\/h3>\n<p><\/span><\/p>\n<div id=\"sp-button-parent-cvqer2\" data-mobile-css=\"#sp-button-parent-cvqer2|text-align:center;\" data-tablet-css=\"#sp-button-parent-cvqer2|text-align:center;\" class=\"sp-button-wrapper sp-el-block\" style=\"margin: 18px 0px 0px; text-align: center;\"><a href=\"\" id=\"sp-cvqer2\" data-mobile-css=\"\" data-tablet-css=\"\" data-mobile-visibility=\".sp-button-cvqer2|false\" data-tablet-visibility=\".sp-button-cvqer2|false\" data-desktop-visibility=\".sp-button-cvqer2|false\" target=\"\" rel=\"noopener\" class=\"sp-button sp-css-target sp-text-center sp-inline-block sp-leading-none sp-button-cvqer2\" style=\"text-transform: uppercase; font-size: 32px; background: rgb(217, 142, 139); color: rgb(255, 255, 255); width: auto; padding: 28px 32px;\"><span>Join Now<\/span><span><span id=\"sp-button-sub-text-cvqer2\" data-mobile-css=\"\" data-tablet-css=\"\" class=\"sp-button-sub-txt sp-block sp-mt-1 sp-opacity-75\" style=\"font-size: 26px; line-height: 1;\">Results Guaranteed<\/span><\/span><\/a><\/div>\n<div id=\"sp-pk8w63\" data-mobile-css=\"#sp-pk8w63|height:40px;\" data-tablet-css=\"#sp-pk8w63|height:10px;\" class=\"sp-spacer\" style=\"height: 159px;\"><\/div>\n<\/div>\n<\/div>\n<\/section>\n<\/div>\n","protected":false},"excerpt":{"rendered":"<p>Plateforme de&nbsp;Tables d&rsquo;h\u00f4tes Vivez de d\u00e9licieux r\u00eaves d&rsquo;escapade culinaire Vous aimeriez d\u00e9guster des plats r\u00e9gionaux ? The Program Covers Strength Training Lorem ipsum dolor sit amet, consectetur adipiscing elit. Nullam commodo velit ex, non ultrices leo auctor at. Integer blandit ex velit, vel aliquam sem tempor eu.&nbsp; Join NowResults Guaranteed CARDIO Training Lorem ipsum dolor [&hellip;]<\/p>\n","protected":false},"author":1,"featured_media":0,"parent":0,"menu_order":0,"comment_status":"closed","ping_status":"closed","template":"","meta":{"_seopress_robots_primary_cat":"","_seopress_titles_title":"","_seopress_titles_desc":"","_seopress_robots_index":"","footnotes":""},"class_list":["post-6","page","type-page","status-publish","hentry"],"_links":{"self":[{"href":"https:\/\/table-d-hotes.com\/index.php\/wp-json\/wp\/v2\/pages\/6","targetHints":{"allow":["GET"]}}],"collection":[{"href":"https:\/\/table-d-hotes.com\/index.php\/wp-json\/wp\/v2\/pages"}],"about":[{"href":"https:\/\/table-d-hotes.com\/index.php\/wp-json\/wp\/v2\/types\/page"}],"author":[{"embeddable":true,"href":"https:\/\/table-d-hotes.com\/index.php\/wp-json\/wp\/v2\/users\/1"}],"replies":[{"embeddable":true,"href":"https:\/\/table-d-hotes.com\/index.php\/wp-json\/wp\/v2\/comments?post=6"}],"version-history":[{"count":6,"href":"https:\/\/table-d-hotes.com\/index.php\/wp-json\/wp\/v2\/pages\/6\/revisions"}],"predecessor-version":[{"id":14,"href":"https:\/\/table-d-hotes.com\/index.php\/wp-json\/wp\/v2\/pages\/6\/revisions\/14"}],"wp:attachment":[{"href":"https:\/\/table-d-hotes.com\/index.php\/wp-json\/wp\/v2\/media?parent=6"}],"curies":[{"name":"wp","href":"https:\/\/api.w.org\/{rel}","templated":true}]}}